{"id":235,"date":"2022-02-04T20:15:36","date_gmt":"2022-02-04T20:15:36","guid":{"rendered":"https:\/\/puroshojareal.com\/?page_id=235"},"modified":"2022-02-26T05:18:28","modified_gmt":"2022-02-26T05:18:28","slug":"privacy-policy","status":"publish","type":"page","link":"https:\/\/hojareal.com.mx\/en\/privacy-policy\/","title":{"rendered":"Privacy Policy"},"content":{"rendered":"[vc_row][vc_column][vc_column_text]El \u201cUSUARIO\u201d acepta que al usar el sitio web y proporcionar sus datos personales y patrimoniales, consiente en que estos sean tratados por Puros Hoja Real para atender su solicitud de compra de los productos.<\/p>\n<ul>\n<li><strong> \u201cDatos Personales\u201d.\u00a0<\/strong>Aquellos datos \u201creferentes a la persona\u201d o \u201csobre de la persona\u201d, incluyendo, mas no limitando, nombre(s), apellidos, correo electr\u00f3nico, domicilio particular, domicilio de oficina, otros domicilios, tel\u00e9fono particular, tel\u00e9fono de oficina, n\u00famero celular, correo(s) electr\u00f3nico(s) y\/o cualquier otra informaci\u00f3n concerniente a una persona f\u00edsica identificada o identificable, que se entrega a Puros Hoja Real para los efectos que se especifican en el presente aviso.<\/li>\n<li><strong> \u201cDatos Patrimoniales\u201d.\u00a0<\/strong>Datos de car\u00e1cter patrimonial referentes a, de manera enunciativa mas no limitativa: datos de cuentas bancarias, n\u00famero(s) de tarjeta(s) de cr\u00e9dito o d\u00e9bito (incluso foto de las mismas, fecha de vencimiento, c\u00f3digo de seguridad y toda la informaci\u00f3n pertinente para hacer un cargo), cuentas de pago electr\u00f3nico (por ejemplo PayPal, Mercado Pago, entre otros), o cualquier otro referente a el patrimonio de la persona f\u00edsica que comparta \u201cDatos Personales\u201d con Puros Hoja Real para las finalidades especificadas en el presente aviso.<\/li>\n<li><strong> \u201cDerechos HR\u201d.\u00a0<\/strong>Derechos de acceso, rectificaci\u00f3n, cancelaci\u00f3n y oposici\u00f3n a sus \u201cDatos Personales\u201d, de conformidad con lo establecido por \u201cLa Ley\u201d.<\/li>\n<\/ul>\n<p><strong>1.- CONOCIMIENTO, FINALIDAD Y USO DE \u201cDATOS PERSONALES\u201d:\u00a0<\/strong>Por medio del presente, declaro que conozco los t\u00e9rminos y condiciones para el tratamiento, Protecci\u00f3n y Privacidad de Datos Personales de Puros Hoja Real estipulados en el presente aviso, y doy mi consentimiento expreso para que los datos de car\u00e1cter personal referentes a mi persona sean procesados de acuerdo con los mismos.<\/p>\n<p>Asimismo, confirmo que los \u201cDatos Personales\u201d que proporciono y aquellos que llegue a proporcionar a Puros Hoja Real son con la finalidad de: recibir cotizaciones y en su caso hacer compra de los productos que comercializa Puros Hoja Real, facturaci\u00f3n y entrega en domicilio de los mismos, as\u00ed como para recibir promociones, publicidad e invitaciones a eventos privados de Puros Hoja Real (en adelante \u201cLa Finalidad\u201d o \u201cLas Finalidades\u201d) son correctos y en este acto otorgo a Puros Hoja Real mi consentimiento para que:<\/p>\n<ul>\n<li>Almacene por el tiempo que estime conveniente y que utilice dicha informaci\u00f3n personal con los fines enumerados en el p\u00e1rrafo que antecede;<\/li>\n<li>Cree bases de datos;<\/li>\n<li>Transfiera mis \u201cDatos Personales\u201d a empleados y\/o \u00e1reas internas de Puros Hoja Real, de manera ilimitada, \u00fanicamente para el cumplimiento de \u201cLa finalidad\u201d con la que la que los recaba.<\/li>\n<li>Referir mis \u201cDatos Personales\u201d con terceros con la finalidad de que se me env\u00eden promociones exclusivas de nuevos productos por medio de empresas fuera de Puros Hoja Real.<\/li>\n<li>Enviarme informaci\u00f3n, comunicados, publicidad, promociones e invitaciones a eventos de Puros Hoja Real a mis cuentas y n\u00fameros personales y laborales; y enviarme notificaciones de cambios del presente aviso de privacidad; \u2022 Enviarme notificaciones de cambios del presente aviso de privacidad;<\/li>\n<\/ul>\n<p><strong>2.- \u201cDATOS PERSONALES\u201d RECABADOS:\u00a0<\/strong>Para \u201cLas Finalidades\u201d se\u00f1aladas en el presente aviso de privacidad, otorgo a Puros Hoja Real, de manera enunciativa m\u00e1s no limitativa, mis \u201cDatos Personales\u201d y \u201cDatos Personales Sensibles\u201d en los t\u00e9rminos definidos en el presente aviso.<\/p>\n<p>No obstante lo anterior, estoy consciente y acepto que Puros Hoja Real podr\u00e1 recabar \u201cDatos Personales\u201d adicionales, atreves de: (i) su sitio de Internet; (ii) servicios en l\u00ednea; (iii) v\u00eda telef\u00f3nica o aplicaciones de mensajer\u00eda; (iv) correo electr\u00f3nico; (v) directorios laborares o telef\u00f3nicos; (vi) mediante el departamento de Mercadot\u00e9cnica, comercial o Comunicaciones de Puros Hoja Real; o a trav\u00e9s de otras fuentes que est\u00e1n permitidas por \u201cLa Ley\u201d.<\/p>\n<p>Estoy consciente que en caso de no otorgar dichos \u201cDatos Personales\u201d a Puros Hoja Real; \u00e9ste \u00faltimo no estar\u00e1 posibilitado para llevar acabo las cotizaciones y venta de los productos que comercializa, y en consecuencia no podr\u00e9 comprar a la misma.<\/p>\n<p><strong>3.- TRASNFERENCIA DE \u201cDATOS PERSONALES\u201d: <\/strong>Estoy consciente y acept\u00f3 que Puros Hoja Real podr\u00e1 divulgar mis \u201cDatos Personales\u201d a sus empleados, para los prop\u00f3sitos de \u201cLa Finalidad\u201d, cuando as\u00ed lo requiera la Ley que divulgue dichos \u201cDatos Personales\u201d a las autoridades pertinentes en los Estados Unidos Mexicanos o cualquier otra jurisdicci\u00f3n, quedando prohibido que Puros Hoja Real divulgue esta informaci\u00f3n a terceros para cualquier prop\u00f3sito que se aparte de lo anteriormente descrito, salvo lo previsto en la Ley.<\/p>\n<p><strong>4.- NOMBRE Y DOMICILIO DEL RESPONSABLE DE LOS \u201cDATOS PERSONALES\u201d:\u00a0<\/strong>Se considerar\u00e1 a Puros Hoja Real, como el responsable del tratamiento de los \u201cDatos Personales\u201d, \u201cDatos Personales Sensibles\u201d y \u201cDatos Personales Patrimoniales\u201d, enlistados en el presente documento o aquellos que se divulguen de tiempo en tiempo.<\/p>\n<p>Correo electr\u00f3nico: ventaspuros@hojareal.com.mx<\/p>\n<p><strong>5.- CAMBIOS AL PRESENTE AVISO DE PRIVACIDAD:\u00a0<\/strong>Puros Hoja Real se reserva el derecho de efectuar en cualquier cambio, modificaciones o actualizaciones a t\u00e9rminos y condiciones para el tratamiento, protecci\u00f3n y privacidad de \u201cDatos Personales\u201d de Puros Hoja Real, para la atenci\u00f3n de novedades legislativas o jurisprudenciales, pol\u00edticas internas, nuevos requerimientos para la prestaci\u00f3n u ofrecimiento de nuestros servicios y pr\u00e1cticas del mercado.<\/p>\n<p>Estas modificaciones estar\u00e1n disponibles al p\u00fablico a trav\u00e9s de en de las oficinas corporativas y p\u00e1gina de Internet de Puros Hoja Real.<\/p>\n<p><strong>6.- DERECHO DE REVOCACI\u00d3N, RECTIFICACI\u00d3N, OPOSICI\u00d3N DEL USO DE \u201cDATOS PERSONALES:\u00a0<\/strong>Para el ejercicio de los \u201cDerechos HR\u201d de conformidad con lo establecido por \u201cLa Ley\u201d, es necesario que presente una petici\u00f3n escrita v\u00eda electr\u00f3nico al correo electr\u00f3nico a ventaspuros@hojareal.com.mx.<\/p>\n<p>Dicho correo deber\u00e1 de contener el nombre del solicitante, su correo electr\u00f3nico, especificar si desea revocar, rectificar, cancelar, limitar u oponerse al uso o divulgaci\u00f3n de sus \u201cDatos Personales\u201d, \u201cDatos Personales Sensibles\u201d y \u201cDatos Personales Patrimoniales\u201d a los que se refiere la petici\u00f3n (ejemplo, Tel\u00e9fono, direcci\u00f3n o correo electr\u00f3nico).<\/p>\n<p>Puros Hoja Real contar\u00e1 con un plazo m\u00e1ximo de 90 (noventa) d\u00edas h\u00e1biles para atender dicha petici\u00f3n y se informar\u00e1 sobre la procedencia de la misma al correo electr\u00f3nico que para estos fines usted nos proporcione.<\/p>\n<p>Por lo anterior, en este acto consiento que mis \u201cDatos Personales Sensibles\u201d sean tratados conforme a los t\u00e9rminos y condiciones del presente aviso de privacidad.[\/vc_column_text][\/vc_column][\/vc_row]\n","protected":false},"excerpt":{"rendered":"<p>[vc_row][vc_column][vc_column_text]El \u201cUSUARIO\u201d acepta que al usar el sitio web y proporcionar sus datos personales y patrimoniales, consiente en que estos sean tratados por Puros Hoja Real para atender su solicitud de compra de los productos. \u201cDatos Personales\u201d.\u00a0Aquellos datos \u201creferentes a la persona\u201d o \u201csobre de la persona\u201d, incluyendo, mas no limitando, nombre(s), apellidos, correo electr\u00f3nico,&hellip;<\/p>\n","protected":false},"author":1,"featured_media":0,"parent":0,"menu_order":0,"comment_status":"closed","ping_status":"closed","template":"","meta":[],"_links":{"self":[{"href":"https:\/\/hojareal.com.mx\/en\/wp-json\/wp\/v2\/pages\/235"}],"collection":[{"href":"https:\/\/hojareal.com.mx\/en\/wp-json\/wp\/v2\/pages"}],"about":[{"href":"https:\/\/hojareal.com.mx\/en\/wp-json\/wp\/v2\/types\/page"}],"author":[{"embeddable":true,"href":"https:\/\/hojareal.com.mx\/en\/wp-json\/wp\/v2\/users\/1"}],"replies":[{"embeddable":true,"href":"https:\/\/hojareal.com.mx\/en\/wp-json\/wp\/v2\/comments?post=235"}],"version-history":[{"count":2,"href":"https:\/\/hojareal.com.mx\/en\/wp-json\/wp\/v2\/pages\/235\/revisions"}],"predecessor-version":[{"id":293,"href":"https:\/\/hojareal.com.mx\/en\/wp-json\/wp\/v2\/pages\/235\/revisions\/293"}],"wp:attachment":[{"href":"https:\/\/hojareal.com.mx\/en\/wp-json\/wp\/v2\/media?parent=235"}],"curies":[{"name":"wp","href":"https:\/\/api.w.org\/{rel}","templated":true}]}}