{"id":233,"date":"2022-02-04T20:14:28","date_gmt":"2022-02-04T20:14:28","guid":{"rendered":"https:\/\/puroshojareal.com\/?page_id=233"},"modified":"2022-02-26T05:18:08","modified_gmt":"2022-02-26T05:18:08","slug":"limit-of-liability","status":"publish","type":"page","link":"https:\/\/hojareal.com.mx\/en\/limit-of-liability\/","title":{"rendered":"Limit of liability"},"content":{"rendered":"[vc_row][vc_column][vc_column_text]Puros Hoja Real, hasta el m\u00e1ximo permitido por las leyes aplicables, no ser\u00e1 responsable, en ning\u00fan caso y de ning\u00fan modo, por cualquier da\u00f1o directo, especial, incidental, indirecto o consecuencial, que en cualquier forma, incluyendo sin limitaci\u00f3n alguna, da\u00f1os por interrupci\u00f3n de negocios, p\u00e9rdida de datos o cualesquiera otras p\u00e9rdidas pecuniarias, que se deriven o se relacionen con el uso, ejecuci\u00f3n, retraso o falta de disponibilidad de uso de los &#8220;PORTALES&#8221; y\/o &#8220;SERVICIOS&#8221;; por la proveedur\u00eda de servicios de cualquier informaci\u00f3n, gr\u00e1ficos contenidos o publicados en o por medio de los &#8220;PORTALES&#8221; y\/o &#8220;SERVICIOS&#8221;; por la actualizaci\u00f3n o falta de \u00e9sta, de la informaci\u00f3n, as\u00ed como alteraci\u00f3n, modificaci\u00f3n, en todo o en parte de la informaci\u00f3n luego de haber sido incluida en los &#8220;PORTALES&#8221; y\/o &#8220;SERVICIOS&#8221; o a trav\u00e9s de ligas que eventualmente se incluyan en los mismos. Por lo anterior, todos los supuestos ser\u00e1n vigentes, a\u00fan en los casos de que se le hubiere notificado o avisado a los &#8220;USUARIOS&#8221;, acerca de la posibilidad de que se ocasionaran dichos da\u00f1os, por lo que Puros Hoja Real no puede garantizar que los &#8220;PORTALES&#8221; y\/o &#8220;SERVICIOS&#8221;: (a) Cumplan con los requisitos apropiados, requeridos o esperados para o por cada uno de los &#8220;USUARIOS&#8221;; (b) No se interrumpan; (c) Lleguen a tiempo; (d) Lleguen con cierto nivel de velocidad; (e) Lleguen sin errores; o (f) Que los resultados obtenidos por el uso de los mismos, sean exactos y\/o confiables. Puros Hoja Real no garantiza que cualquier error en el software de los &#8220;PORTALES&#8221; y\/o &#8220;SERVICIOS&#8221; sea o pueda ser corregido total o parcialmente, por lo que Puros Hoja Real no estar\u00e1 obligada a realizar concesi\u00f3n alguna. Puros Hoja Real no ser\u00e1 responsable por da\u00f1os directos, indirectos, morales, especiales o consecuenciales que resulten del uso de los &#8220;PORTALES&#8221; y\/o &#8220;SERVICIOS&#8221; o de la imposibilidad para usarlos. El precio, calidad y cantidad ser\u00e1n establecidos en los &#8220;PORTALES&#8221; y\/o &#8220;SERVICIOS&#8221;, los cuales podr\u00e1n variar sin previa notificaci\u00f3n, por lo tanto, se aplicar\u00e1n las condiciones que se encuentran en el preciso momento en que se efect\u00faa la compra. Igualmente, Puros Hoja Real no se hace responsable de la entrega en tiempo por causas de fuerza mayor o por las condiciones clim\u00e1ticas, viales, etc. o por servicios prestados por terceros, por lo que el &#8220;USUARIO&#8221; libera a Puros Hoja Real de cualquier responsabilidad por dichos &#8220;SERVICIOS&#8221;. El tiempo de entrega ser\u00e1 entre 4 y 10 d\u00edas y podr\u00e1 variar sin previa notificaci\u00f3n por situaciones ajenas a Puros Hoja Real como lo establece el p\u00e1rrafo anterior. Puros Hoja Real pretende ser lo m\u00e1s exacta posible con la descripci\u00f3n e imagen del producto. Sin embargo Puros Hoja Real no garantiza que las im\u00e1genes y las descripciones coincidan exactamente con la presentaci\u00f3n y descripci\u00f3n f\u00edsica de los productos. Si un producto ofrecido por Puros Hoja Real no cumple con los requerimientos del &#8220;USUARIO&#8221;, \u00e9ste lo puede regresar sin haberlo abierto y\/o hecho uso de \u00e9l, siempre que el producto se encuentre en su empaque original y \u00e9ste no se encuentre da\u00f1ado y Puros Hoja Real reintegrar\u00e1 el valor del producto.<\/p>\n<p><strong>Uso de informaci\u00f3n y base de datos.<\/strong> A trav\u00e9s de los &#8220;PORTALES&#8221; y\/o &#8220;SERVICIOS&#8221; de Puros Hoja Real obtiene dos clases de informaci\u00f3n: (I) Informaci\u00f3n personal: Es aquella que identifica en forma individual al &#8220;USUARIO&#8221; e incluye entre otras su nombre, direcci\u00f3n, c\u00f3digo postal, correo electr\u00f3nico, tel\u00e9fono, Registro Federal de Contribuyentes, etc. (II) Informaci\u00f3n agregada que es la que describe sus datos demogr\u00e1ficos y patrones de uso de los &#8220;PORTALES&#8221; y\/o &#8220;SERVICIOS&#8221;. En consecuencia &#8220;USUARIO&#8221; reconoce y acepta que la informaci\u00f3n agregada ayuda a diagnosticar problemas con el servidor y la administraci\u00f3n de los &#8220;PORTALES&#8221; y\/o &#8220;SERVICIOS&#8221;. Toda la informaci\u00f3n personal y agregada que se obtenga del &#8220;USUARIO&#8221; por el uso de los &#8220;PORTALES&#8221; y\/o &#8220;SERVICIOS&#8221;, constituir\u00e1n una base de datos, propiedad de Puros Hoja Real, informaci\u00f3n que se almacena para protegerla y evitar su p\u00e9rdida, uso indebido, alteraci\u00f3n, ni que la misma puede ser interceptada por terceros, no obstante lo anterior, Puros Hoja Real alberga la seguridad moral de tal informaci\u00f3n. El &#8220;USUARIO&#8221; reconoce y acepta que Puros Hoja Real no obtiene informaci\u00f3n autom\u00e1ticamente, sino que es necesario que \u00e9ste se la proporcione quedando a libre discreci\u00f3n del &#8220;USUARIO&#8221;, proporcionar o no su informaci\u00f3n personal para recibir diversos productos, servicios, promociones o informaci\u00f3n de los &#8220;PORTALES&#8221; de internet o las p\u00e1ginas o los sitios hospedados, ubicados o ligados a los o en los mismos &#8220;PORTALES&#8221;. No obstante lo anterior, Puros Hoja Real, bajo ninguna circunstancia compartir\u00e1 la informaci\u00f3n personal que usted le proporcione en el portal electr\u00f3nico o p\u00e1gina de internet de \u00e9sta, con ning\u00fan otro organismo involucrado, sin embargo, autoriza expresamente por este medio a Puros Hoja Real, S.A.P.I. de C.V. a compartir la informaci\u00f3n personal proporcionada con personas o empresas con las que aquella contrate para realizar las operaciones internas del portal electr\u00f3nico o con alguna Autoridad que le requiera por escrito y en t\u00e9rminos de ley, para que proporcione informaci\u00f3n de alguna persona en particular.[\/vc_column_text][\/vc_column][\/vc_row]\n","protected":false},"excerpt":{"rendered":"<p>[vc_row][vc_column][vc_column_text]Puros Hoja Real, hasta el m\u00e1ximo permitido por las leyes aplicables, no ser\u00e1 responsable, en ning\u00fan caso y de ning\u00fan modo, por cualquier da\u00f1o directo, especial, incidental, indirecto o consecuencial, que en cualquier forma, incluyendo sin limitaci\u00f3n alguna, da\u00f1os por interrupci\u00f3n de negocios, p\u00e9rdida de datos o cualesquiera otras p\u00e9rdidas pecuniarias, que se deriven o&hellip;<\/p>\n","protected":false},"author":1,"featured_media":0,"parent":0,"menu_order":0,"comment_status":"closed","ping_status":"closed","template":"","meta":[],"_links":{"self":[{"href":"https:\/\/hojareal.com.mx\/en\/wp-json\/wp\/v2\/pages\/233"}],"collection":[{"href":"https:\/\/hojareal.com.mx\/en\/wp-json\/wp\/v2\/pages"}],"about":[{"href":"https:\/\/hojareal.com.mx\/en\/wp-json\/wp\/v2\/types\/page"}],"author":[{"embeddable":true,"href":"https:\/\/hojareal.com.mx\/en\/wp-json\/wp\/v2\/users\/1"}],"replies":[{"embeddable":true,"href":"https:\/\/hojareal.com.mx\/en\/wp-json\/wp\/v2\/comments?post=233"}],"version-history":[{"count":2,"href":"https:\/\/hojareal.com.mx\/en\/wp-json\/wp\/v2\/pages\/233\/revisions"}],"predecessor-version":[{"id":292,"href":"https:\/\/hojareal.com.mx\/en\/wp-json\/wp\/v2\/pages\/233\/revisions\/292"}],"wp:attachment":[{"href":"https:\/\/hojareal.com.mx\/en\/wp-json\/wp\/v2\/media?parent=233"}],"curies":[{"name":"wp","href":"https:\/\/api.w.org\/{rel}","templated":true}]}}